{"id":4135,"date":"2021-08-11T21:25:26","date_gmt":"2021-08-11T21:25:26","guid":{"rendered":"https:\/\/mpmultiproveedorayacabados.com\/?post_type=product&#038;p=4135"},"modified":"2021-08-11T21:25:26","modified_gmt":"2021-08-11T21:25:26","slug":"mensula-sin-respaldo","status":"publish","type":"product","link":"https:\/\/mpmultiproveedorayacabados.com\/?product=mensula-sin-respaldo","title":{"rendered":"M\u00e9nsula Sin Respaldo"},"content":{"rendered":"<hr \/>\n<table class=\"table table-sm table-striped\">\n<tbody>\n<tr>\n<td><strong>Acabados<\/strong><\/td>\n<td>Blanco, E200, E400, Natural<\/td>\n<\/tr>\n<tr>\n<td><strong>Material<\/strong><\/td>\n<td>Aluminio 6063 T-5<\/td>\n<\/tr>\n<\/tbody>\n<\/table>\n<hr \/>\n<p><img data-recalc-dims=\"1\" decoding=\"async\" class=\"alignnone size-full wp-image-4042\" src=\"https:\/\/i0.wp.com\/mpmultiproveedorayacabados.com\/wp-content\/uploads\/2021\/08\/PROMESA-DOS-1-1.png?resize=300%2C54&#038;ssl=1\" alt=\"\" width=\"300\" height=\"54\" srcset=\"https:\/\/i0.wp.com\/mpmultiproveedorayacabados.com\/wp-content\/uploads\/2021\/08\/PROMESA-DOS-1-1.png?w=300&amp;ssl=1 300w, https:\/\/i0.wp.com\/mpmultiproveedorayacabados.com\/wp-content\/uploads\/2021\/08\/PROMESA-DOS-1-1.png?resize=64%2C12&amp;ssl=1 64w\" sizes=\"(max-width: 300px) 100vw, 300px\" \/><\/p>\n","protected":false},"excerpt":{"rendered":"<hr \/>\n<p>M\u00e9nsula sin respaldo para repisas \u00f3 entrepa\u00f1os, de 15, 20, 25 y 30cm. *Compatible con cremallera 2054.<\/p>\n<hr \/>\n<p><img fetchpriority=\"high\" decoding=\"async\" class=\"alignnone size-medium wp-image-4041\" src=\"https:\/\/mpmultiproveedorayacabados.com\/wp-content\/uploads\/2021\/08\/FORMAS-DE-PAGO-BANCOS-2-300x300.jpg\" alt=\"\" width=\"300\" height=\"300\" srcset=\"https:\/\/i0.wp.com\/mpmultiproveedorayacabados.com\/wp-content\/uploads\/2021\/08\/FORMAS-DE-PAGO-BANCOS-2.jpg?resize=300%2C300&amp;ssl=1 300w, https:\/\/i0.wp.com\/mpmultiproveedorayacabados.com\/wp-content\/uploads\/2021\/08\/FORMAS-DE-PAGO-BANCOS-2.jpg?resize=150%2C150&amp;ssl=1 150w, https:\/\/i0.wp.com\/mpmultiproveedorayacabados.com\/wp-content\/uploads\/2021\/08\/FORMAS-DE-PAGO-BANCOS-2.jpg?resize=100%2C100&amp;ssl=1 100w, https:\/\/i0.wp.com\/mpmultiproveedorayacabados.com\/wp-content\/uploads\/2021\/08\/FORMAS-DE-PAGO-BANCOS-2.jpg?resize=64%2C64&amp;ssl=1 64w, https:\/\/i0.wp.com\/mpmultiproveedorayacabados.com\/wp-content\/uploads\/2021\/08\/FORMAS-DE-PAGO-BANCOS-2.jpg?w=500&amp;ssl=1 500w\" sizes=\"(max-width: 300px) 100vw, 300px\" \/><\/p>\n","protected":false},"featured_media":4136,"template":"","meta":{"site-sidebar-layout":"default","site-content-layout":"default","ast-global-header-display":"","ast-main-header-display":"","ast-hfb-above-header-display":"","ast-hfb-below-header-display":"","ast-hfb-mobile-header-display":"","site-post-title":"","ast-breadcrumbs-content":"","ast-featured-img":"","footer-sml-layout":"","theme-transparent-header-meta":"default","adv-header-id-meta":"","stick-header-meta":"","header-above-stick-meta":"","header-main-stick-meta":"","header-below-stick-meta":""},"product_brand":[],"product_cat":[44,28],"product_tag":[],"class_list":{"0":"post-4135","1":"product","2":"type-product","3":"status-publish","4":"has-post-thumbnail","6":"product_cat-cremalleras-y-mensulas","7":"product_cat-herrajes-para-aluminio","9":"first","10":"instock","11":"shipping-taxable","12":"product-type-simple"},"aioseo_notices":[],"jetpack-related-posts":[],"jetpack_sharing_enabled":true,"_links":{"self":[{"href":"https:\/\/mpmultiproveedorayacabados.com\/index.php?rest_route=\/wp\/v2\/product\/4135","targetHints":{"allow":["GET"]}}],"collection":[{"href":"https:\/\/mpmultiproveedorayacabados.com\/index.php?rest_route=\/wp\/v2\/product"}],"about":[{"href":"https:\/\/mpmultiproveedorayacabados.com\/index.php?rest_route=\/wp\/v2\/types\/product"}],"version-history":[{"count":1,"href":"https:\/\/mpmultiproveedorayacabados.com\/index.php?rest_route=\/wp\/v2\/product\/4135\/revisions"}],"predecessor-version":[{"id":4137,"href":"https:\/\/mpmultiproveedorayacabados.com\/index.php?rest_route=\/wp\/v2\/product\/4135\/revisions\/4137"}],"wp:featuredmedia":[{"embeddable":true,"href":"https:\/\/mpmultiproveedorayacabados.com\/index.php?rest_route=\/wp\/v2\/media\/4136"}],"wp:attachment":[{"href":"https:\/\/mpmultiproveedorayacabados.com\/index.php?rest_route=%2Fwp%2Fv2%2Fmedia&parent=4135"}],"wp:term":[{"taxonomy":"product_brand","embeddable":true,"href":"https:\/\/mpmultiproveedorayacabados.com\/index.php?rest_route=%2Fwp%2Fv2%2Fproduct_brand&post=4135"},{"taxonomy":"product_cat","embeddable":true,"href":"https:\/\/mpmultiproveedorayacabados.com\/index.php?rest_route=%2Fwp%2Fv2%2Fproduct_cat&post=4135"},{"taxonomy":"product_tag","embeddable":true,"href":"https:\/\/mpmultiproveedorayacabados.com\/index.php?rest_route=%2Fwp%2Fv2%2Fproduct_tag&post=4135"}],"curies":[{"name":"wp","href":"https:\/\/api.w.org\/{rel}","templated":true}]}}