{"id":4251,"date":"2021-08-12T20:09:14","date_gmt":"2021-08-12T20:09:14","guid":{"rendered":"https:\/\/mpmultiproveedorayacabados.com\/?post_type=product&#038;p=4251"},"modified":"2021-08-12T20:09:14","modified_gmt":"2021-08-12T20:09:14","slug":"cierra-puertas-neumatico-con-freno","status":"publish","type":"product","link":"https:\/\/mpmultiproveedorayacabados.com\/?product=cierra-puertas-neumatico-con-freno","title":{"rendered":"Cierra Puertas Neum\u00e1tico con Freno"},"content":{"rendered":"<hr \/>\n<table class=\"table table-sm table-striped\">\n<tbody>\n<tr>\n<td><strong>Acabados<\/strong><\/td>\n<td>Blanco, Caf\u00e9, Gris, Negro<\/td>\n<\/tr>\n<tr>\n<td><strong>Material<\/strong><\/td>\n<td>Acero al carb\u00f3n<\/td>\n<\/tr>\n<tr>\n<td><strong>Unidad de venta<\/strong><\/td>\n<td>10 piezas<\/td>\n<\/tr>\n<\/tbody>\n<\/table>\n<hr \/>\n<p><img data-recalc-dims=\"1\" decoding=\"async\" class=\"alignnone size-full wp-image-4169\" src=\"https:\/\/i0.wp.com\/mpmultiproveedorayacabados.com\/wp-content\/uploads\/2021\/08\/PROMESA-DOS-1-2.png?resize=300%2C54&#038;ssl=1\" alt=\"\" width=\"300\" height=\"54\" srcset=\"https:\/\/i0.wp.com\/mpmultiproveedorayacabados.com\/wp-content\/uploads\/2021\/08\/PROMESA-DOS-1-2.png?w=300&amp;ssl=1 300w, https:\/\/i0.wp.com\/mpmultiproveedorayacabados.com\/wp-content\/uploads\/2021\/08\/PROMESA-DOS-1-2.png?resize=64%2C12&amp;ssl=1 64w\" sizes=\"(max-width: 300px) 100vw, 300px\" \/><\/p>\n","protected":false},"excerpt":{"rendered":"<hr \/>\n<p>Cierra puertas Herralum neum\u00e1tico con freno, para puertas ligeras \u00f3 mosquiteros. *Con tornillo de ajuste para regular la velocidad de cierre. Peso M\u00e1ximo M\u00e1x. 15Kg<\/p>\n<hr \/>\n<p><img fetchpriority=\"high\" decoding=\"async\" class=\"alignnone size-medium wp-image-4170\" src=\"https:\/\/mpmultiproveedorayacabados.com\/wp-content\/uploads\/2021\/08\/FORMAS-DE-PAGO-BANCOS-3-300x300.jpg\" alt=\"\" width=\"300\" height=\"300\" srcset=\"https:\/\/i0.wp.com\/mpmultiproveedorayacabados.com\/wp-content\/uploads\/2021\/08\/FORMAS-DE-PAGO-BANCOS-3.jpg?resize=300%2C300&amp;ssl=1 300w, https:\/\/i0.wp.com\/mpmultiproveedorayacabados.com\/wp-content\/uploads\/2021\/08\/FORMAS-DE-PAGO-BANCOS-3.jpg?resize=150%2C150&amp;ssl=1 150w, https:\/\/i0.wp.com\/mpmultiproveedorayacabados.com\/wp-content\/uploads\/2021\/08\/FORMAS-DE-PAGO-BANCOS-3.jpg?resize=100%2C100&amp;ssl=1 100w, https:\/\/i0.wp.com\/mpmultiproveedorayacabados.com\/wp-content\/uploads\/2021\/08\/FORMAS-DE-PAGO-BANCOS-3.jpg?resize=64%2C64&amp;ssl=1 64w, https:\/\/i0.wp.com\/mpmultiproveedorayacabados.com\/wp-content\/uploads\/2021\/08\/FORMAS-DE-PAGO-BANCOS-3.jpg?w=500&amp;ssl=1 500w\" sizes=\"(max-width: 300px) 100vw, 300px\" \/><\/p>\n","protected":false},"featured_media":4253,"template":"","meta":{"site-sidebar-layout":"default","site-content-layout":"default","ast-global-header-display":"","ast-main-header-display":"","ast-hfb-above-header-display":"","ast-hfb-below-header-display":"","ast-hfb-mobile-header-display":"","site-post-title":"","ast-breadcrumbs-content":"","ast-featured-img":"","footer-sml-layout":"","theme-transparent-header-meta":"default","adv-header-id-meta":"","stick-header-meta":"","header-above-stick-meta":"","header-main-stick-meta":"","header-below-stick-meta":""},"product_brand":[],"product_cat":[55,28],"product_tag":[],"class_list":{"0":"post-4251","1":"product","2":"type-product","3":"status-publish","4":"has-post-thumbnail","6":"product_cat-cierrapuertas","7":"product_cat-herrajes-para-aluminio","9":"first","10":"instock","11":"shipping-taxable","12":"product-type-simple"},"aioseo_notices":[],"jetpack-related-posts":[],"jetpack_sharing_enabled":true,"_links":{"self":[{"href":"https:\/\/mpmultiproveedorayacabados.com\/index.php?rest_route=\/wp\/v2\/product\/4251","targetHints":{"allow":["GET"]}}],"collection":[{"href":"https:\/\/mpmultiproveedorayacabados.com\/index.php?rest_route=\/wp\/v2\/product"}],"about":[{"href":"https:\/\/mpmultiproveedorayacabados.com\/index.php?rest_route=\/wp\/v2\/types\/product"}],"version-history":[{"count":1,"href":"https:\/\/mpmultiproveedorayacabados.com\/index.php?rest_route=\/wp\/v2\/product\/4251\/revisions"}],"predecessor-version":[{"id":4254,"href":"https:\/\/mpmultiproveedorayacabados.com\/index.php?rest_route=\/wp\/v2\/product\/4251\/revisions\/4254"}],"wp:featuredmedia":[{"embeddable":true,"href":"https:\/\/mpmultiproveedorayacabados.com\/index.php?rest_route=\/wp\/v2\/media\/4253"}],"wp:attachment":[{"href":"https:\/\/mpmultiproveedorayacabados.com\/index.php?rest_route=%2Fwp%2Fv2%2Fmedia&parent=4251"}],"wp:term":[{"taxonomy":"product_brand","embeddable":true,"href":"https:\/\/mpmultiproveedorayacabados.com\/index.php?rest_route=%2Fwp%2Fv2%2Fproduct_brand&post=4251"},{"taxonomy":"product_cat","embeddable":true,"href":"https:\/\/mpmultiproveedorayacabados.com\/index.php?rest_route=%2Fwp%2Fv2%2Fproduct_cat&post=4251"},{"taxonomy":"product_tag","embeddable":true,"href":"https:\/\/mpmultiproveedorayacabados.com\/index.php?rest_route=%2Fwp%2Fv2%2Fproduct_tag&post=4251"}],"curies":[{"name":"wp","href":"https:\/\/api.w.org\/{rel}","templated":true}]}}