{"id":5404,"date":"2021-08-21T19:30:27","date_gmt":"2021-08-21T19:30:27","guid":{"rendered":"https:\/\/mpmultiproveedorayacabados.com\/?post_type=product&#038;p=5404"},"modified":"2021-08-21T19:30:27","modified_gmt":"2021-08-21T19:30:27","slug":"jaladera-patzcuaro","status":"publish","type":"product","link":"https:\/\/mpmultiproveedorayacabados.com\/?product=jaladera-patzcuaro","title":{"rendered":"Jaladera P\u00e1tzcuaro"},"content":{"rendered":"<hr \/>\n<table class=\"table table-sm table-striped\">\n<tbody>\n<tr>\n<td><strong>Acabados<\/strong><\/td>\n<td>Cromado, Satinado<\/td>\n<\/tr>\n<tr>\n<td><strong>Material<\/strong><\/td>\n<td>Acero inoxidable AISI 304<\/td>\n<\/tr>\n<tr>\n<td><strong>Unidad de venta<\/strong><\/td>\n<td>1 pieza<\/td>\n<\/tr>\n<\/tbody>\n<\/table>\n<hr \/>\n<p><img data-recalc-dims=\"1\" decoding=\"async\" class=\"alignnone size-full wp-image-5343\" src=\"https:\/\/i0.wp.com\/mpmultiproveedorayacabados.com\/wp-content\/uploads\/2021\/08\/PROMESA-DOS-1-7.png?resize=300%2C54&#038;ssl=1\" alt=\"\" width=\"300\" height=\"54\" srcset=\"https:\/\/i0.wp.com\/mpmultiproveedorayacabados.com\/wp-content\/uploads\/2021\/08\/PROMESA-DOS-1-7.png?w=300&amp;ssl=1 300w, https:\/\/i0.wp.com\/mpmultiproveedorayacabados.com\/wp-content\/uploads\/2021\/08\/PROMESA-DOS-1-7.png?resize=64%2C12&amp;ssl=1 64w\" sizes=\"(max-width: 300px) 100vw, 300px\" \/><\/p>\n","protected":false},"excerpt":{"rendered":"<hr \/>\n<p>Jaladera P\u00e1tzcuaro tubular de 1\u201d de di\u00e1metro con sistema de ensamble por medio de tornillo y cono integrado. Combinaci\u00f3n de jaladera larga y jaladera corta. Medida de l\u00ednea parte corta 30cm largo total con 27.5cm de centro a centro y parte larga 45cm largo total con 42.5cm de centro a centro. Espesor Para cristal de 8 a 12mm de espesor<\/p>\n<div><strong>Advertencia y uso<\/strong>Material de fabricaci\u00f3n especial. Con kit de 2 bujes p\/adaptaci\u00f3n a perfiles de aluminio o madera.No usar limpiadores base cloro, recomendable usar limpiador 138010100. No usar limpiadores base cloro, recomendable usar limpiador 138010100.<\/p>\n<hr \/>\n<p><img fetchpriority=\"high\" decoding=\"async\" class=\"alignnone size-medium wp-image-5344\" src=\"https:\/\/mpmultiproveedorayacabados.com\/wp-content\/uploads\/2021\/08\/FORMAS-DE-PAGO-BANCOS-8-300x300.jpg\" alt=\"\" width=\"300\" height=\"300\" srcset=\"https:\/\/i0.wp.com\/mpmultiproveedorayacabados.com\/wp-content\/uploads\/2021\/08\/FORMAS-DE-PAGO-BANCOS-8.jpg?resize=300%2C300&amp;ssl=1 300w, https:\/\/i0.wp.com\/mpmultiproveedorayacabados.com\/wp-content\/uploads\/2021\/08\/FORMAS-DE-PAGO-BANCOS-8.jpg?resize=150%2C150&amp;ssl=1 150w, https:\/\/i0.wp.com\/mpmultiproveedorayacabados.com\/wp-content\/uploads\/2021\/08\/FORMAS-DE-PAGO-BANCOS-8.jpg?resize=100%2C100&amp;ssl=1 100w, https:\/\/i0.wp.com\/mpmultiproveedorayacabados.com\/wp-content\/uploads\/2021\/08\/FORMAS-DE-PAGO-BANCOS-8.jpg?resize=64%2C64&amp;ssl=1 64w, https:\/\/i0.wp.com\/mpmultiproveedorayacabados.com\/wp-content\/uploads\/2021\/08\/FORMAS-DE-PAGO-BANCOS-8.jpg?w=500&amp;ssl=1 500w\" sizes=\"(max-width: 300px) 100vw, 300px\" \/><\/p>\n<\/div>\n","protected":false},"featured_media":5405,"template":"","meta":{"site-sidebar-layout":"default","site-content-layout":"default","ast-global-header-display":"","ast-main-header-display":"","ast-hfb-above-header-display":"","ast-hfb-below-header-display":"","ast-hfb-mobile-header-display":"","site-post-title":"","ast-breadcrumbs-content":"","ast-featured-img":"","footer-sml-layout":"","theme-transparent-header-meta":"default","adv-header-id-meta":"","stick-header-meta":"","header-above-stick-meta":"","header-main-stick-meta":"","header-below-stick-meta":""},"product_brand":[],"product_cat":[24,84],"product_tag":[],"class_list":{"0":"post-5404","1":"product","2":"type-product","3":"status-publish","4":"has-post-thumbnail","6":"product_cat-herrajes-para-vidrio","7":"product_cat-jaladeras-tobulares","9":"first","10":"instock","11":"shipping-taxable","12":"product-type-simple"},"aioseo_notices":[],"jetpack-related-posts":[],"jetpack_sharing_enabled":true,"_links":{"self":[{"href":"https:\/\/mpmultiproveedorayacabados.com\/index.php?rest_route=\/wp\/v2\/product\/5404","targetHints":{"allow":["GET"]}}],"collection":[{"href":"https:\/\/mpmultiproveedorayacabados.com\/index.php?rest_route=\/wp\/v2\/product"}],"about":[{"href":"https:\/\/mpmultiproveedorayacabados.com\/index.php?rest_route=\/wp\/v2\/types\/product"}],"version-history":[{"count":1,"href":"https:\/\/mpmultiproveedorayacabados.com\/index.php?rest_route=\/wp\/v2\/product\/5404\/revisions"}],"predecessor-version":[{"id":5406,"href":"https:\/\/mpmultiproveedorayacabados.com\/index.php?rest_route=\/wp\/v2\/product\/5404\/revisions\/5406"}],"wp:featuredmedia":[{"embeddable":true,"href":"https:\/\/mpmultiproveedorayacabados.com\/index.php?rest_route=\/wp\/v2\/media\/5405"}],"wp:attachment":[{"href":"https:\/\/mpmultiproveedorayacabados.com\/index.php?rest_route=%2Fwp%2Fv2%2Fmedia&parent=5404"}],"wp:term":[{"taxonomy":"product_brand","embeddable":true,"href":"https:\/\/mpmultiproveedorayacabados.com\/index.php?rest_route=%2Fwp%2Fv2%2Fproduct_brand&post=5404"},{"taxonomy":"product_cat","embeddable":true,"href":"https:\/\/mpmultiproveedorayacabados.com\/index.php?rest_route=%2Fwp%2Fv2%2Fproduct_cat&post=5404"},{"taxonomy":"product_tag","embeddable":true,"href":"https:\/\/mpmultiproveedorayacabados.com\/index.php?rest_route=%2Fwp%2Fv2%2Fproduct_tag&post=5404"}],"curies":[{"name":"wp","href":"https:\/\/api.w.org\/{rel}","templated":true}]}}